{"id":3875,"date":"2023-01-13T17:46:22","date_gmt":"2023-01-13T16:46:22","guid":{"rendered":"https:\/\/www.freccianelcielo.com\/?page_id=3875"},"modified":"2023-04-30T17:00:32","modified_gmt":"2023-04-30T15:00:32","slug":"reisesicherheit-und-regeln","status":"publish","type":"page","link":"https:\/\/www.freccianelcielo.com\/de\/reisesicherheit-und-regeln\/","title":{"rendered":"Reisesicherheit und Regeln"},"content":{"rendered":"\t\t<div data-elementor-type=\"wp-page\" data-elementor-id=\"3875\" class=\"elementor elementor-3875 elementor-774\" data-elementor-post-type=\"page\">\n\t\t\t\t\t\t<section class=\"elementor-section elementor-top-section elementor-element elementor-element-3f19693 elementor-section-height-min-height elementor-section-items-bottom elementor-section-boxed elementor-section-height-default\" data-id=\"3f19693\" data-element_type=\"section\" data-e-type=\"section\" data-settings=\"{&quot;jet_parallax_layout_list&quot;:[],&quot;background_background&quot;:&quot;classic&quot;}\">\n\t\t\t\t\t\t\t<div class=\"elementor-background-overlay\"><\/div>\n\t\t\t\t\t\t\t<div class=\"elementor-container elementor-column-gap-default\">\n\t\t\t\t\t<div class=\"elementor-column elementor-col-100 elementor-top-column elementor-element elementor-element-5e93926 animated-slow elementor-invisible\" data-id=\"5e93926\" data-element_type=\"column\" data-e-type=\"column\" data-settings=\"{&quot;animation&quot;:&quot;fadeIn&quot;,&quot;animation_delay&quot;:1000}\">\n\t\t\t<div class=\"elementor-widget-wrap elementor-element-populated\">\n\t\t\t\t\t\t<div class=\"elementor-element elementor-element-d0bb176 elementor-widget elementor-widget-heading\" data-id=\"d0bb176\" data-element_type=\"widget\" data-e-type=\"widget\" data-widget_type=\"heading.default\">\n\t\t\t\t<div class=\"elementor-widget-container\">\n\t\t\t\t\t<h1 class=\"elementor-heading-title elementor-size-default\">Reisesicherheit und Regeln<\/h1>\t\t\t\t<\/div>\n\t\t\t\t<\/div>\n\t\t\t\t<div class=\"elementor-element elementor-element-d439cab elementor-hidden-mobile elementor-widget elementor-widget-breadcrumbs\" data-id=\"d439cab\" data-element_type=\"widget\" data-e-type=\"widget\" data-widget_type=\"breadcrumbs.default\">\n\t\t\t\t<div class=\"elementor-widget-container\">\n\t\t\t\t\t<p id=\"breadcrumbs\"><span><span><a href=\"https:\/\/www.freccianelcielo.com\/de\/home\/\">Home<\/a><\/span><\/span><\/p>\t\t\t\t<\/div>\n\t\t\t\t<\/div>\n\t\t\t\t\t<\/div>\n\t\t<\/div>\n\t\t\t\t\t<\/div>\n\t\t<\/section>\n\t\t\t\t<section class=\"elementor-section elementor-top-section elementor-element elementor-element-dde251e elementor-section-boxed elementor-section-height-default elementor-section-height-default\" data-id=\"dde251e\" data-element_type=\"section\" data-e-type=\"section\" data-settings=\"{&quot;jet_parallax_layout_list&quot;:[]}\">\n\t\t\t\t\t\t<div class=\"elementor-container elementor-column-gap-default\">\n\t\t\t\t\t<div class=\"elementor-column elementor-col-100 elementor-top-column elementor-element elementor-element-f744b66 animated-slow\" data-id=\"f744b66\" data-element_type=\"column\" data-e-type=\"column\" data-settings=\"{&quot;animation&quot;:&quot;none&quot;}\">\n\t\t\t<div class=\"elementor-widget-wrap elementor-element-populated\">\n\t\t\t\t\t\t<div class=\"elementor-element elementor-element-20eb853 animated-slow elementor-invisible elementor-widget elementor-widget-text-editor\" data-id=\"20eb853\" data-element_type=\"widget\" data-e-type=\"widget\" data-settings=\"{&quot;_animation&quot;:&quot;fadeInUp&quot;}\" data-widget_type=\"text-editor.default\">\n\t\t\t\t<div class=\"elementor-widget-container\">\n\t\t\t\t\t\t\t\t\t<p>Ihre Sicherheit steht f\u00fcr uns an erster Stelle. Aus diesem Grund bitten wir Sie, bei der Fahrt mit Tofana \u2013 Freccia nel Cielo einige einfache Regeln einzuhalten.<br \/>Befolgen Sie im Sinne der Sicherheit und der ordnungsgem\u00e4\u00dfen Abwicklung des Dienstes bitte allf\u00e4llige Anweisungen des Personals und beachten Sie folgende Bestimmungen f\u00fcr den Betrieb und die Benutzung der Seilbahnen:<\/p><ul><li>Beg\u00fcnstigen Sie die ordnungsgem\u00e4\u00dfe Abwicklung des Dienstes<\/li><li>Verhalten Sie sich so, dass Sie keine Personen gef\u00e4hrden oder Sch\u00e4den anrichten<\/li><li>Betreten Sie Stationen oder Kabinen nur im Beisein des Personals<\/li><li>Ber\u00fchren oder bedienen Sie keine Sicherheits- und Meldevorrichtungen<\/li><li>Verursachen Sie keinerlei Schwanken der Kabine<\/li><li>Nehmen Sie w\u00e4hrend der Fahrt die korrekte Position ein<\/li><li>Verursachen Sie keine Sch\u00e4den an Kabinen und Stationen<\/li><li>Werfen Sie keine Gegenst\u00e4nde aus der Kabine<\/li><li>Das Rauchen ist w\u00e4hrend der Fahrt verboten<\/li><\/ul>\t\t\t\t\t\t\t\t<\/div>\n\t\t\t\t<\/div>\n\t\t\t\t<div class=\"elementor-element elementor-element-49aaa2b animated-slow elementor-invisible elementor-widget elementor-widget-text-editor\" data-id=\"49aaa2b\" data-element_type=\"widget\" data-e-type=\"widget\" data-settings=\"{&quot;_animation&quot;:&quot;fadeInUp&quot;}\" data-widget_type=\"text-editor.default\">\n\t\t\t\t<div class=\"elementor-widget-container\">\n\t\t\t\t\t\t\t\t\t<p>Vom Dienst ausgeschlossen sind offensichtlich betrunkene oder in einem anormalen psychischen und\/oder physischen Zustand befindliche Personen sowie Passagiere, die unzureichend gegen die klimatischen Umgebungsbedingungen gesch\u00fctzt sind oder Gegenst\u00e4nde mit sich f\u00fchren, die das Einsteigen in die Kabine verhindern oder in jedem Fall die Sicherheit der Anlage und der \u00fcbrigen Passagiere gef\u00e4hrden k\u00f6nnen.<\/p><p>Um den Dienst in Anspruch nehmen zu k\u00f6nnen, m\u00fcssen alle Passagiere im Besitz eines Fahrscheins sein, der nach den vorgesehenen Verfahren f\u00fcr Entwerter und Z\u00e4hlger\u00e4te zu verwenden ist. Der Fahrschein gilt f\u00fcr den Transport von Skiern und einem kleinen, maximal 10 kg schweren Gep\u00e4ckst\u00fcck, das keine gef\u00e4hrlichen (explosiven, giftigen, umweltsch\u00e4dlichen usw.) Stoffe enth\u00e4lt.<\/p>\t\t\t\t\t\t\t\t<\/div>\n\t\t\t\t<\/div>\n\t\t\t\t<div class=\"elementor-element elementor-element-f823880 animated-slow elementor-invisible elementor-widget elementor-widget-text-editor\" data-id=\"f823880\" data-element_type=\"widget\" data-e-type=\"widget\" data-settings=\"{&quot;_animation&quot;:&quot;fadeInUp&quot;}\" data-widget_type=\"text-editor.default\">\n\t\t\t\t<div class=\"elementor-widget-container\">\n\t\t\t\t\t\t\t\t\t<p>Gro\u00dfe und mittelgro\u00dfe Hunde m\u00fcssen an der Leine gef\u00fchrt werden und einen Maulkorb tragen. Dasselbe gilt auch f\u00fcr kleine Hunde, die am Arm mitgef\u00fchrt werden. Die Besitzer m\u00fcssen ihre Tiere jederzeit unter Kontrolle haben und haften vollumf\u00e4nglich f\u00fcr sie (Dekret des Ministeriums f\u00fcr Infrastruktur und Verkehr vom 11. Mai 2017).<\/p><p>Alle Passagiere m\u00fcssen die von der zust\u00e4ndigen Beh\u00f6rde und der Gesch\u00e4ftsleitung des Anlagenkonzession\u00e4rs erlassenen und in den Stationen und Kabinen ausgeh\u00e4ngten Vorschriften zum ordnungsgem\u00e4\u00dfen Betrieb sowie alle weiteren Anweisungen des Anlagenpersonals zur Vermeidung von Unf\u00e4llen einhalten.<\/p>\t\t\t\t\t\t\t\t<\/div>\n\t\t\t\t<\/div>\n\t\t\t\t<div class=\"elementor-element elementor-element-1e3cc21 animated-slow elementor-invisible elementor-widget elementor-widget-text-editor\" data-id=\"1e3cc21\" data-element_type=\"widget\" data-e-type=\"widget\" data-settings=\"{&quot;_animation&quot;:&quot;fadeInUp&quot;}\" data-widget_type=\"text-editor.default\">\n\t\t\t\t<div class=\"elementor-widget-container\">\n\t\t\t\t\t\t\t\t\t<p>Ist infolge eines Anlagenstillstands ein Rettungseingriff erforderlich, haben die Passagiere den Anweisungen des Anlagenpersonals Folge zu leisten. Jegliche Eigeninitiative ist zu vermeiden, selbst wenn sie aufgrund besonderer Umst\u00e4nde gerechtfertigt scheinen mag.<\/p><p>Die Passagiere haften f\u00fcr die Folgen bei Missachtung jeder einzelnen der oben genannten Vorschriften.<\/p>\t\t\t\t\t\t\t\t<\/div>\n\t\t\t\t<\/div>\n\t\t\t\t\t<\/div>\n\t\t<\/div>\n\t\t\t\t\t<\/div>\n\t\t<\/section>\n\t\t\t\t<\/div>\n\t\t","protected":false},"excerpt":{"rendered":"<p>Reisesicherheit und Regeln Ihre Sicherheit steht f\u00fcr uns an erster Stelle. Aus diesem Grund bitten wir Sie, bei der Fahrt mit Tofana \u2013 Freccia nel Cielo einige einfache Regeln einzuhalten.Befolgen Sie im Sinne der Sicherheit und der ordnungsgem\u00e4\u00dfen Abwicklung des Dienstes bitte allf\u00e4llige Anweisungen des Personals und beachten Sie folgende Bestimmungen f\u00fcr den Betrieb und [&hellip;]<\/p>\n","protected":false},"author":4,"featured_media":0,"parent":0,"menu_order":0,"comment_status":"closed","ping_status":"closed","template":"","meta":{"inline_featured_image":false,"_monsterinsights_skip_tracking":false,"_monsterinsights_sitenote_active":false,"_monsterinsights_sitenote_note":"","_monsterinsights_sitenote_category":0,"site-sidebar-layout":"no-sidebar","site-content-layout":"page-builder","ast-site-content-layout":"default","site-content-style":"default","site-sidebar-style":"default","ast-global-header-display":"","ast-banner-title-visibility":"","ast-main-header-display":"","ast-hfb-above-header-display":"","ast-hfb-below-header-display":"","ast-hfb-mobile-header-display":"","site-post-title":"disabled","ast-breadcrumbs-content":"","ast-featured-img":"disabled","footer-sml-layout":"","ast-disable-related-posts":"","theme-transparent-header-meta":"","adv-header-id-meta":"","stick-header-meta":"","header-above-stick-meta":"","header-main-stick-meta":"","header-below-stick-meta":"","astra-migrate-meta-layouts":"default","ast-page-background-enabled":"default","ast-page-background-meta":{"desktop":{"background-color":"var(--ast-global-color-4)","background-image":"","background-repeat":"repeat","background-position":"center center","background-size":"auto","background-attachment":"scroll","background-type":"","background-media":"","overlay-type":"","overlay-color":"","overlay-opacity":"","overlay-gradient":""},"tablet":{"background-color":"","background-image":"","background-repeat":"repeat","background-position":"center center","background-size":"auto","background-attachment":"scroll","background-type":"","background-media":"","overlay-type":"","overlay-color":"","overlay-opacity":"","overlay-gradient":""},"mobile":{"background-color":"","background-image":"","background-repeat":"repeat","background-position":"center center","background-size":"auto","background-attachment":"scroll","background-type":"","background-media":"","overlay-type":"","overlay-color":"","overlay-opacity":"","overlay-gradient":""}},"ast-content-background-meta":{"desktop":{"background-color":"var(--ast-global-color-5)","background-image":"","background-repeat":"repeat","background-position":"center center","background-size":"auto","background-attachment":"scroll","background-type":"","background-media":"","overlay-type":"","overlay-color":"","overlay-opacity":"","overlay-gradient":""},"tablet":{"background-color":"var(--ast-global-color-5)","background-image":"","background-repeat":"repeat","background-position":"center center","background-size":"auto","background-attachment":"scroll","background-type":"","background-media":"","overlay-type":"","overlay-color":"","overlay-opacity":"","overlay-gradient":""},"mobile":{"background-color":"var(--ast-global-color-5)","background-image":"","background-repeat":"repeat","background-position":"center center","background-size":"auto","background-attachment":"scroll","background-type":"","background-media":"","overlay-type":"","overlay-color":"","overlay-opacity":"","overlay-gradient":""}},"footnotes":""},"class_list":["post-3875","page","type-page","status-publish","hentry"],"yoast_head":"<!-- This site is optimized with the Yoast SEO plugin v27.4 - https:\/\/yoast.com\/product\/yoast-seo-wordpress\/ -->\n<title>Reisesicherheit und Regeln - Tofana Cortina | Freccia nel Cielo<\/title>\n<meta name=\"robots\" content=\"index, follow, max-snippet:-1, max-image-preview:large, max-video-preview:-1\" \/>\n<link rel=\"canonical\" href=\"https:\/\/www.freccianelcielo.com\/de\/reisesicherheit-und-regeln\/\" \/>\n<meta property=\"og:locale\" content=\"de_DE\" \/>\n<meta property=\"og:type\" content=\"article\" \/>\n<meta property=\"og:title\" content=\"Reisesicherheit und Regeln - Tofana Cortina | Freccia nel Cielo\" \/>\n<meta property=\"og:description\" content=\"Reisesicherheit und Regeln Ihre Sicherheit steht f\u00fcr uns an erster Stelle. Aus diesem Grund bitten wir Sie, bei der Fahrt mit Tofana \u2013 Freccia nel Cielo einige einfache Regeln einzuhalten.Befolgen Sie im Sinne der Sicherheit und der ordnungsgem\u00e4\u00dfen Abwicklung des Dienstes bitte allf\u00e4llige Anweisungen des Personals und beachten Sie folgende Bestimmungen f\u00fcr den Betrieb und [&hellip;]\" \/>\n<meta property=\"og:url\" content=\"https:\/\/www.freccianelcielo.com\/de\/reisesicherheit-und-regeln\/\" \/>\n<meta property=\"og:site_name\" content=\"Tofana Cortina\" \/>\n<meta property=\"article:publisher\" content=\"https:\/\/www.facebook.com\/funiviafreccia.cielo\" \/>\n<meta property=\"article:modified_time\" content=\"2023-04-30T15:00:32+00:00\" \/>\n<meta property=\"og:image\" content=\"https:\/\/www.freccianelcielo.com\/wp-content\/uploads\/2023\/03\/nostra-storia-hero.webp\" \/>\n\t<meta property=\"og:image:width\" content=\"1920\" \/>\n\t<meta property=\"og:image:height\" content=\"1280\" \/>\n\t<meta property=\"og:image:type\" content=\"image\/webp\" \/>\n<meta name=\"twitter:card\" content=\"summary_large_image\" \/>\n<meta name=\"twitter:label1\" content=\"Gesch\u00e4tzte Lesezeit\" \/>\n\t<meta name=\"twitter:data1\" content=\"3\u00a0Minuten\" \/>\n<script type=\"application\/ld+json\" class=\"yoast-schema-graph\">{\"@context\":\"https:\\\/\\\/schema.org\",\"@graph\":[{\"@type\":\"WebPage\",\"@id\":\"https:\\\/\\\/www.freccianelcielo.com\\\/de\\\/reisesicherheit-und-regeln\\\/\",\"url\":\"https:\\\/\\\/www.freccianelcielo.com\\\/de\\\/reisesicherheit-und-regeln\\\/\",\"name\":\"Reisesicherheit und Regeln - Tofana Cortina | Freccia nel Cielo\",\"isPartOf\":{\"@id\":\"https:\\\/\\\/www.freccianelcielo.com\\\/#website\"},\"datePublished\":\"2023-01-13T16:46:22+00:00\",\"dateModified\":\"2023-04-30T15:00:32+00:00\",\"breadcrumb\":{\"@id\":\"https:\\\/\\\/www.freccianelcielo.com\\\/de\\\/reisesicherheit-und-regeln\\\/#breadcrumb\"},\"inLanguage\":\"de\",\"potentialAction\":[{\"@type\":\"ReadAction\",\"target\":[\"https:\\\/\\\/www.freccianelcielo.com\\\/de\\\/reisesicherheit-und-regeln\\\/\"]}]},{\"@type\":\"BreadcrumbList\",\"@id\":\"https:\\\/\\\/www.freccianelcielo.com\\\/de\\\/reisesicherheit-und-regeln\\\/#breadcrumb\",\"itemListElement\":[{\"@type\":\"ListItem\",\"position\":1,\"name\":\"Home\",\"item\":\"https:\\\/\\\/www.freccianelcielo.com\\\/de\\\/home\\\/\"},{\"@type\":\"ListItem\",\"position\":2,\"name\":\"Reisesicherheit und Regeln\"}]},{\"@type\":\"WebSite\",\"@id\":\"https:\\\/\\\/www.freccianelcielo.com\\\/#website\",\"url\":\"https:\\\/\\\/www.freccianelcielo.com\\\/\",\"name\":\"Tofana Cortina\",\"description\":\"Freccia nel Cielo\",\"publisher\":{\"@id\":\"https:\\\/\\\/www.freccianelcielo.com\\\/#organization\"},\"potentialAction\":[{\"@type\":\"SearchAction\",\"target\":{\"@type\":\"EntryPoint\",\"urlTemplate\":\"https:\\\/\\\/www.freccianelcielo.com\\\/?s={search_term_string}\"},\"query-input\":{\"@type\":\"PropertyValueSpecification\",\"valueRequired\":true,\"valueName\":\"search_term_string\"}}],\"inLanguage\":\"de\"},{\"@type\":\"Organization\",\"@id\":\"https:\\\/\\\/www.freccianelcielo.com\\\/#organization\",\"name\":\"Tofana Cortina\",\"url\":\"https:\\\/\\\/www.freccianelcielo.com\\\/\",\"logo\":{\"@type\":\"ImageObject\",\"inLanguage\":\"de\",\"@id\":\"https:\\\/\\\/www.freccianelcielo.com\\\/#\\\/schema\\\/logo\\\/image\\\/\",\"url\":\"https:\\\/\\\/www.freccianelcielo.com\\\/wp-content\\\/uploads\\\/2022\\\/10\\\/tofana-logo.svg\",\"contentUrl\":\"https:\\\/\\\/www.freccianelcielo.com\\\/wp-content\\\/uploads\\\/2022\\\/10\\\/tofana-logo.svg\",\"width\":208,\"height\":247,\"caption\":\"Tofana Cortina\"},\"image\":{\"@id\":\"https:\\\/\\\/www.freccianelcielo.com\\\/#\\\/schema\\\/logo\\\/image\\\/\"},\"sameAs\":[\"https:\\\/\\\/www.facebook.com\\\/funiviafreccia.cielo\",\"https:\\\/\\\/www.instagram.com\\\/tofanacortina\\\/\",\"https:\\\/\\\/it.linkedin.com\\\/company\\\/tofana-freccia-nel-cielo\",\"https:\\\/\\\/www.youtube.com\\\/channel\\\/UCL8BgwFTeNhUIWEP-cE81aA\",\"https:\\\/\\\/www.tripadvisor.it\\\/Attraction_Review-g194745-d7677791-Reviews-Tofana-Cortina_d_Ampezzo_Province_of_Belluno_Veneto.html\"]}]}<\/script>\n<!-- \/ Yoast SEO plugin. -->","yoast_head_json":{"title":"Reisesicherheit und Regeln - Tofana Cortina | Freccia nel Cielo","robots":{"index":"index","follow":"follow","max-snippet":"max-snippet:-1","max-image-preview":"max-image-preview:large","max-video-preview":"max-video-preview:-1"},"canonical":"https:\/\/www.freccianelcielo.com\/de\/reisesicherheit-und-regeln\/","og_locale":"de_DE","og_type":"article","og_title":"Reisesicherheit und Regeln - Tofana Cortina | Freccia nel Cielo","og_description":"Reisesicherheit und Regeln Ihre Sicherheit steht f\u00fcr uns an erster Stelle. Aus diesem Grund bitten wir Sie, bei der Fahrt mit Tofana \u2013 Freccia nel Cielo einige einfache Regeln einzuhalten.Befolgen Sie im Sinne der Sicherheit und der ordnungsgem\u00e4\u00dfen Abwicklung des Dienstes bitte allf\u00e4llige Anweisungen des Personals und beachten Sie folgende Bestimmungen f\u00fcr den Betrieb und [&hellip;]","og_url":"https:\/\/www.freccianelcielo.com\/de\/reisesicherheit-und-regeln\/","og_site_name":"Tofana Cortina","article_publisher":"https:\/\/www.facebook.com\/funiviafreccia.cielo","article_modified_time":"2023-04-30T15:00:32+00:00","og_image":[{"width":1920,"height":1280,"url":"https:\/\/www.freccianelcielo.com\/wp-content\/uploads\/2023\/03\/nostra-storia-hero.webp","type":"image\/webp"}],"twitter_card":"summary_large_image","twitter_misc":{"Gesch\u00e4tzte Lesezeit":"3\u00a0Minuten"},"schema":{"@context":"https:\/\/schema.org","@graph":[{"@type":"WebPage","@id":"https:\/\/www.freccianelcielo.com\/de\/reisesicherheit-und-regeln\/","url":"https:\/\/www.freccianelcielo.com\/de\/reisesicherheit-und-regeln\/","name":"Reisesicherheit und Regeln - Tofana Cortina | Freccia nel Cielo","isPartOf":{"@id":"https:\/\/www.freccianelcielo.com\/#website"},"datePublished":"2023-01-13T16:46:22+00:00","dateModified":"2023-04-30T15:00:32+00:00","breadcrumb":{"@id":"https:\/\/www.freccianelcielo.com\/de\/reisesicherheit-und-regeln\/#breadcrumb"},"inLanguage":"de","potentialAction":[{"@type":"ReadAction","target":["https:\/\/www.freccianelcielo.com\/de\/reisesicherheit-und-regeln\/"]}]},{"@type":"BreadcrumbList","@id":"https:\/\/www.freccianelcielo.com\/de\/reisesicherheit-und-regeln\/#breadcrumb","itemListElement":[{"@type":"ListItem","position":1,"name":"Home","item":"https:\/\/www.freccianelcielo.com\/de\/home\/"},{"@type":"ListItem","position":2,"name":"Reisesicherheit und Regeln"}]},{"@type":"WebSite","@id":"https:\/\/www.freccianelcielo.com\/#website","url":"https:\/\/www.freccianelcielo.com\/","name":"Tofana Cortina","description":"Freccia nel Cielo","publisher":{"@id":"https:\/\/www.freccianelcielo.com\/#organization"},"potentialAction":[{"@type":"SearchAction","target":{"@type":"EntryPoint","urlTemplate":"https:\/\/www.freccianelcielo.com\/?s={search_term_string}"},"query-input":{"@type":"PropertyValueSpecification","valueRequired":true,"valueName":"search_term_string"}}],"inLanguage":"de"},{"@type":"Organization","@id":"https:\/\/www.freccianelcielo.com\/#organization","name":"Tofana Cortina","url":"https:\/\/www.freccianelcielo.com\/","logo":{"@type":"ImageObject","inLanguage":"de","@id":"https:\/\/www.freccianelcielo.com\/#\/schema\/logo\/image\/","url":"https:\/\/www.freccianelcielo.com\/wp-content\/uploads\/2022\/10\/tofana-logo.svg","contentUrl":"https:\/\/www.freccianelcielo.com\/wp-content\/uploads\/2022\/10\/tofana-logo.svg","width":208,"height":247,"caption":"Tofana Cortina"},"image":{"@id":"https:\/\/www.freccianelcielo.com\/#\/schema\/logo\/image\/"},"sameAs":["https:\/\/www.facebook.com\/funiviafreccia.cielo","https:\/\/www.instagram.com\/tofanacortina\/","https:\/\/it.linkedin.com\/company\/tofana-freccia-nel-cielo","https:\/\/www.youtube.com\/channel\/UCL8BgwFTeNhUIWEP-cE81aA","https:\/\/www.tripadvisor.it\/Attraction_Review-g194745-d7677791-Reviews-Tofana-Cortina_d_Ampezzo_Province_of_Belluno_Veneto.html"]}]}},"_links":{"self":[{"href":"https:\/\/www.freccianelcielo.com\/de\/wp-json\/wp\/v2\/pages\/3875","targetHints":{"allow":["GET"]}}],"collection":[{"href":"https:\/\/www.freccianelcielo.com\/de\/wp-json\/wp\/v2\/pages"}],"about":[{"href":"https:\/\/www.freccianelcielo.com\/de\/wp-json\/wp\/v2\/types\/page"}],"author":[{"embeddable":true,"href":"https:\/\/www.freccianelcielo.com\/de\/wp-json\/wp\/v2\/users\/4"}],"replies":[{"embeddable":true,"href":"https:\/\/www.freccianelcielo.com\/de\/wp-json\/wp\/v2\/comments?post=3875"}],"version-history":[{"count":4,"href":"https:\/\/www.freccianelcielo.com\/de\/wp-json\/wp\/v2\/pages\/3875\/revisions"}],"predecessor-version":[{"id":3879,"href":"https:\/\/www.freccianelcielo.com\/de\/wp-json\/wp\/v2\/pages\/3875\/revisions\/3879"}],"wp:attachment":[{"href":"https:\/\/www.freccianelcielo.com\/de\/wp-json\/wp\/v2\/media?parent=3875"}],"curies":[{"name":"wp","href":"https:\/\/api.w.org\/{rel}","templated":true}]}}